{"id":20502,"date":"2020-05-27T08:58:53","date_gmt":"2020-05-27T08:58:53","guid":{"rendered":"https:\/\/elementorfw.wpengine.com\/?post_type=product&#038;p=20132"},"modified":"2025-07-19T00:23:10","modified_gmt":"2025-07-19T00:23:10","slug":"diurelv","status":"publish","type":"product","link":"https:\/\/mx.wgn-inc.com\/wgn2025\/product\/diurelv\/","title":{"rendered":"Diurelv"},"content":{"rendered":"\t\t<div data-elementor-type=\"wp-post\" data-elementor-id=\"20502\" class=\"elementor elementor-20502\">\n\t\t\t\t\t\t<section class=\"elementor-section elementor-top-section elementor-element elementor-element-1823132f elementor-section-boxed elementor-section-height-default elementor-section-height-default\" data-id=\"1823132f\" data-element_type=\"section\" data-e-type=\"section\" data-settings=\"{&quot;jet_parallax_layout_list&quot;:[{&quot;jet_parallax_layout_image&quot;:{&quot;url&quot;:&quot;&quot;,&quot;id&quot;:&quot;&quot;,&quot;size&quot;:&quot;&quot;},&quot;_id&quot;:&quot;1302291&quot;,&quot;jet_parallax_layout_image_tablet&quot;:{&quot;url&quot;:&quot;&quot;,&quot;id&quot;:&quot;&quot;,&quot;size&quot;:&quot;&quot;},&quot;jet_parallax_layout_image_mobile&quot;:{&quot;url&quot;:&quot;&quot;,&quot;id&quot;:&quot;&quot;,&quot;size&quot;:&quot;&quot;},&quot;jet_parallax_layout_image_laptop&quot;:{&quot;url&quot;:&quot;&quot;,&quot;id&quot;:&quot;&quot;,&quot;size&quot;:&quot;&quot;},&quot;jet_parallax_layout_image_tablet_extra&quot;:{&quot;url&quot;:&quot;&quot;,&quot;id&quot;:&quot;&quot;,&quot;size&quot;:&quot;&quot;},&quot;jet_parallax_layout_image_mobile_extra&quot;:{&quot;url&quot;:&quot;&quot;,&quot;id&quot;:&quot;&quot;,&quot;size&quot;:&quot;&quot;},&quot;jet_parallax_layout_speed&quot;:{&quot;unit&quot;:&quot;%&quot;,&quot;size&quot;:50,&quot;sizes&quot;:[]},&quot;jet_parallax_layout_type&quot;:&quot;scroll&quot;,&quot;jet_parallax_layout_direction&quot;:null,&quot;jet_parallax_layout_fx_direction&quot;:null,&quot;jet_parallax_layout_z_index&quot;:&quot;&quot;,&quot;jet_parallax_layout_bg_x&quot;:50,&quot;jet_parallax_layout_bg_x_laptop&quot;:&quot;&quot;,&quot;jet_parallax_layout_bg_x_tablet_extra&quot;:&quot;&quot;,&quot;jet_parallax_layout_bg_x_tablet&quot;:&quot;&quot;,&quot;jet_parallax_layout_bg_x_mobile_extra&quot;:&quot;&quot;,&quot;jet_parallax_layout_bg_x_mobile&quot;:&quot;&quot;,&quot;jet_parallax_layout_bg_y&quot;:50,&quot;jet_parallax_layout_bg_y_laptop&quot;:&quot;&quot;,&quot;jet_parallax_layout_bg_y_tablet_extra&quot;:&quot;&quot;,&quot;jet_parallax_layout_bg_y_tablet&quot;:&quot;&quot;,&quot;jet_parallax_layout_bg_y_mobile_extra&quot;:&quot;&quot;,&quot;jet_parallax_layout_bg_y_mobile&quot;:&quot;&quot;,&quot;jet_parallax_layout_bg_size&quot;:&quot;auto&quot;,&quot;jet_parallax_layout_bg_size_laptop&quot;:&quot;&quot;,&quot;jet_parallax_layout_bg_size_tablet_extra&quot;:&quot;&quot;,&quot;jet_parallax_layout_bg_size_tablet&quot;:&quot;&quot;,&quot;jet_parallax_layout_bg_size_mobile_extra&quot;:&quot;&quot;,&quot;jet_parallax_layout_bg_size_mobile&quot;:&quot;&quot;,&quot;jet_parallax_layout_animation_prop&quot;:&quot;transform&quot;,&quot;jet_parallax_layout_on&quot;:[&quot;desktop&quot;,&quot;tablet&quot;]}]}\">\n\t\t\t\t\t\t<div class=\"elementor-container elementor-column-gap-extended\">\n\t\t\t\t\t<div class=\"elementor-column elementor-col-50 elementor-top-column elementor-element elementor-element-6d5169b0\" data-id=\"6d5169b0\" data-element_type=\"column\" data-e-type=\"column\">\n\t\t\t<div class=\"elementor-widget-wrap elementor-element-populated\">\n\t\t\t\t\t\t<div class=\"elementor-element elementor-element-e273bd1 elementor-widget elementor-widget-dt-shop-product-single-images-carousel\" data-id=\"e273bd1\" data-element_type=\"widget\" data-e-type=\"widget\" data-widget_type=\"dt-shop-product-single-images-carousel.default\">\n\t\t\t\t<div class=\"elementor-widget-container\">\n\t\t\t\t\tPlease provide product id to display corresponding data!\t\t\t\t<\/div>\n\t\t\t\t<\/div>\n\t\t\t\t\t<\/div>\n\t\t<\/div>\n\t\t\t\t<div class=\"elementor-column elementor-col-50 elementor-top-column elementor-element elementor-element-7266652c\" data-id=\"7266652c\" data-element_type=\"column\" data-e-type=\"column\">\n\t\t\t<div class=\"elementor-widget-wrap elementor-element-populated\">\n\t\t\t\t\t\t<div class=\"elementor-element elementor-element-61ac8068 elementor-widget elementor-widget-dt-shop-product-single-summary\" data-id=\"61ac8068\" data-element_type=\"widget\" data-e-type=\"widget\" data-widget_type=\"dt-shop-product-single-summary.default\">\n\t\t\t\t<div class=\"elementor-widget-container\">\n\t\t\t\t\tPlease provide product id to display corresponding data!\t\t\t\t<\/div>\n\t\t\t\t<\/div>\n\t\t\t\t<div class=\"elementor-element elementor-element-265bf476 elementor-widget elementor-widget-toggle\" data-id=\"265bf476\" data-element_type=\"widget\" data-e-type=\"widget\" data-widget_type=\"toggle.default\">\n\t\t\t\t<div class=\"elementor-widget-container\">\n\t\t\t\t\t\t\t<div class=\"elementor-toggle\">\n\t\t\t\t\t\t\t<div class=\"elementor-toggle-item\">\n\t\t\t\t\t<div id=\"elementor-tab-title-6431\" class=\"elementor-tab-title\" data-tab=\"1\" role=\"button\" aria-controls=\"elementor-tab-content-6431\" aria-expanded=\"false\">\n\t\t\t\t\t\t\t\t\t\t\t\t<span class=\"elementor-toggle-icon elementor-toggle-icon-right\" aria-hidden=\"true\">\n\t\t\t\t\t\t\t\t\t\t\t\t\t\t\t<span class=\"elementor-toggle-icon-closed\"><i class=\"fas fa-plus\"><\/i><\/span>\n\t\t\t\t\t\t\t\t<span class=\"elementor-toggle-icon-opened\"><i class=\"elementor-toggle-icon-opened fas fa-minus\"><\/i><\/span>\n\t\t\t\t\t\t\t\t\t\t\t\t\t<\/span>\n\t\t\t\t\t\t\t\t\t\t\t\t<a class=\"elementor-toggle-title\" tabindex=\"0\">Description<\/a>\n\t\t\t\t\t<\/div>\n\n\t\t\t\t\t<div id=\"elementor-tab-content-6431\" class=\"elementor-tab-content elementor-clearfix\" data-tab=\"1\" role=\"region\" aria-labelledby=\"elementor-tab-title-6431\"><div class=\"dt-sc-product-tabs dt-sc-product-tabs-exploded  dt-sc-product-hide-tab-title dt-sc-content-scroll\" style = \"height:250px\">\r\n  <h2>Description<\/h2>\r\n\r\nSuplemento alimenticio a base de Abedul, Perejil, Ping\u00fcica, Ar\u00e1ndano rojo y Apio. \r\n60 C\u00c1PSULAS.\r\n\r\nPRECIO AL P\u00daBLICO: $220.00 (IVA incluido)\r\n\r\nModo de uso: \r\nTomar 2 c\u00e1psulas por la ma\u00f1ana y 2 c\u00e1psulas por la tarde, despu\u00e9s de los alimentos.\r\n\r\n\u201cESTE PRODUCTO NO ES UN MEDICAMENTO\u201d. EL CONSUMO DE ESTE PRODUCTO ES RESPONSABILIDAD DE QUIEN LO RECOMIENDA Y DE QUIEN LO USA.\r\n\r\nAdquiera \u00fanicamente producto original.\r\n\r\n\ud83d\udd0d \u00bfSab\u00edas que ELV DRV contiene ar\u00e1ndano rojo?\r\nEste Producto es una mezcla herbal que contiene   ar\u00e1ndano rojo, \u00e9l cual es un fruto muy valorado debido a su contenido en vitaminas y minerales, como la vitamina C y el potasio, contribuyendo a una dieta equilibrada para el organismo.\r\n\r\n\ud83c\udf3f \u00bfCu\u00e1l es el origen de este fruto?\r\nEl ar\u00e1ndano rojo, conocido por su distintivo color y sabor, tiene sus or\u00edgenes en Am\u00e9rica del Norte, donde ha sido cultivado y utilizado por las comunidades ind\u00edgenas durante siglos. \r\n\r\n\ud83d\udcd6 Conoce m\u00e1s\r\nTe invitamos a explorar nuestro blog y descubrir:\r\n\u2022\t\u00bfQu\u00e9 es el sistema urinario?\r\n\u2022\tEnfermedades que lo pueden afectar\r\n\u2022\tBuenos h\u00e1bitos para reducir la frecuencia de estas enfermedades.\r\n\r\nUna lectura imprescindible si crees en el poder de lo natural.\r\n<\/div><\/div>\n\t\t\t\t<\/div>\n\t\t\t\t\t\t\t\t<\/div>\n\t\t\t\t\t\t<\/div>\n\t\t\t\t<\/div>\n\t\t\t\t<div class=\"elementor-element elementor-element-70992c59 elementor-widget elementor-widget-dt-shop-product-single-summary\" data-id=\"70992c59\" data-element_type=\"widget\" data-e-type=\"widget\" data-widget_type=\"dt-shop-product-single-summary.default\">\n\t\t\t\t<div class=\"elementor-widget-container\">\n\t\t\t\t\tPlease provide product id to display corresponding data!\t\t\t\t<\/div>\n\t\t\t\t<\/div>\n\t\t\t\t\t<\/div>\n\t\t<\/div>\n\t\t\t\t\t<\/div>\n\t\t<\/section>\n\t\t\t\t<section class=\"elementor-section elementor-top-section elementor-element elementor-element-1223be11 elementor-section-boxed elementor-section-height-default elementor-section-height-default\" data-id=\"1223be11\" data-element_type=\"section\" data-e-type=\"section\" data-settings=\"{&quot;jet_parallax_layout_list&quot;:[{&quot;jet_parallax_layout_image&quot;:{&quot;url&quot;:&quot;&quot;,&quot;id&quot;:&quot;&quot;,&quot;size&quot;:&quot;&quot;},&quot;_id&quot;:&quot;f2afb5b&quot;,&quot;jet_parallax_layout_image_tablet&quot;:{&quot;url&quot;:&quot;&quot;,&quot;id&quot;:&quot;&quot;,&quot;size&quot;:&quot;&quot;},&quot;jet_parallax_layout_image_mobile&quot;:{&quot;url&quot;:&quot;&quot;,&quot;id&quot;:&quot;&quot;,&quot;size&quot;:&quot;&quot;},&quot;jet_parallax_layout_image_laptop&quot;:{&quot;url&quot;:&quot;&quot;,&quot;id&quot;:&quot;&quot;,&quot;size&quot;:&quot;&quot;},&quot;jet_parallax_layout_image_tablet_extra&quot;:{&quot;url&quot;:&quot;&quot;,&quot;id&quot;:&quot;&quot;,&quot;size&quot;:&quot;&quot;},&quot;jet_parallax_layout_image_mobile_extra&quot;:{&quot;url&quot;:&quot;&quot;,&quot;id&quot;:&quot;&quot;,&quot;size&quot;:&quot;&quot;},&quot;jet_parallax_layout_speed&quot;:{&quot;unit&quot;:&quot;%&quot;,&quot;size&quot;:50,&quot;sizes&quot;:[]},&quot;jet_parallax_layout_type&quot;:&quot;scroll&quot;,&quot;jet_parallax_layout_direction&quot;:null,&quot;jet_parallax_layout_fx_direction&quot;:null,&quot;jet_parallax_layout_z_index&quot;:&quot;&quot;,&quot;jet_parallax_layout_bg_x&quot;:50,&quot;jet_parallax_layout_bg_x_laptop&quot;:&quot;&quot;,&quot;jet_parallax_layout_bg_x_tablet_extra&quot;:&quot;&quot;,&quot;jet_parallax_layout_bg_x_tablet&quot;:&quot;&quot;,&quot;jet_parallax_layout_bg_x_mobile_extra&quot;:&quot;&quot;,&quot;jet_parallax_layout_bg_x_mobile&quot;:&quot;&quot;,&quot;jet_parallax_layout_bg_y&quot;:50,&quot;jet_parallax_layout_bg_y_laptop&quot;:&quot;&quot;,&quot;jet_parallax_layout_bg_y_tablet_extra&quot;:&quot;&quot;,&quot;jet_parallax_layout_bg_y_tablet&quot;:&quot;&quot;,&quot;jet_parallax_layout_bg_y_mobile_extra&quot;:&quot;&quot;,&quot;jet_parallax_layout_bg_y_mobile&quot;:&quot;&quot;,&quot;jet_parallax_layout_bg_size&quot;:&quot;auto&quot;,&quot;jet_parallax_layout_bg_size_laptop&quot;:&quot;&quot;,&quot;jet_parallax_layout_bg_size_tablet_extra&quot;:&quot;&quot;,&quot;jet_parallax_layout_bg_size_tablet&quot;:&quot;&quot;,&quot;jet_parallax_layout_bg_size_mobile_extra&quot;:&quot;&quot;,&quot;jet_parallax_layout_bg_size_mobile&quot;:&quot;&quot;,&quot;jet_parallax_layout_animation_prop&quot;:&quot;transform&quot;,&quot;jet_parallax_layout_on&quot;:[&quot;desktop&quot;,&quot;tablet&quot;]}]}\">\n\t\t\t\t\t\t<div class=\"elementor-container elementor-column-gap-default\">\n\t\t\t\t\t<div class=\"elementor-column elementor-col-100 elementor-top-column elementor-element elementor-element-1cce971e\" data-id=\"1cce971e\" data-element_type=\"column\" data-e-type=\"column\">\n\t\t\t<div class=\"elementor-widget-wrap elementor-element-populated\">\n\t\t\t\t\t\t<div class=\"elementor-element elementor-element-3e045a40 elementor-widget elementor-widget-dt-shop-product-single-tabs\" data-id=\"3e045a40\" data-element_type=\"widget\" data-e-type=\"widget\" data-widget_type=\"dt-shop-product-single-tabs.default\">\n\t\t\t\t<div class=\"elementor-widget-container\">\n\t\t\t\t\tPlease provide product id to display corresponding data!\t\t\t\t<\/div>\n\t\t\t\t<\/div>\n\t\t\t\t\t<\/div>\n\t\t<\/div>\n\t\t\t\t\t<\/div>\n\t\t<\/section>\n\t\t\t\t<section class=\"elementor-section elementor-top-section elementor-element elementor-element-d920acc elementor-section-boxed elementor-section-height-default elementor-section-height-default\" data-id=\"d920acc\" data-element_type=\"section\" data-e-type=\"section\" data-settings=\"{&quot;jet_parallax_layout_list&quot;:[{&quot;jet_parallax_layout_image&quot;:{&quot;url&quot;:&quot;&quot;,&quot;id&quot;:&quot;&quot;,&quot;size&quot;:&quot;&quot;},&quot;_id&quot;:&quot;2111d0f&quot;,&quot;jet_parallax_layout_image_tablet&quot;:{&quot;url&quot;:&quot;&quot;,&quot;id&quot;:&quot;&quot;,&quot;size&quot;:&quot;&quot;},&quot;jet_parallax_layout_image_mobile&quot;:{&quot;url&quot;:&quot;&quot;,&quot;id&quot;:&quot;&quot;,&quot;size&quot;:&quot;&quot;},&quot;jet_parallax_layout_image_laptop&quot;:{&quot;url&quot;:&quot;&quot;,&quot;id&quot;:&quot;&quot;,&quot;size&quot;:&quot;&quot;},&quot;jet_parallax_layout_image_tablet_extra&quot;:{&quot;url&quot;:&quot;&quot;,&quot;id&quot;:&quot;&quot;,&quot;size&quot;:&quot;&quot;},&quot;jet_parallax_layout_image_mobile_extra&quot;:{&quot;url&quot;:&quot;&quot;,&quot;id&quot;:&quot;&quot;,&quot;size&quot;:&quot;&quot;},&quot;jet_parallax_layout_speed&quot;:{&quot;unit&quot;:&quot;%&quot;,&quot;size&quot;:50,&quot;sizes&quot;:[]},&quot;jet_parallax_layout_type&quot;:&quot;scroll&quot;,&quot;jet_parallax_layout_direction&quot;:null,&quot;jet_parallax_layout_fx_direction&quot;:null,&quot;jet_parallax_layout_z_index&quot;:&quot;&quot;,&quot;jet_parallax_layout_bg_x&quot;:50,&quot;jet_parallax_layout_bg_x_laptop&quot;:&quot;&quot;,&quot;jet_parallax_layout_bg_x_tablet_extra&quot;:&quot;&quot;,&quot;jet_parallax_layout_bg_x_tablet&quot;:&quot;&quot;,&quot;jet_parallax_layout_bg_x_mobile_extra&quot;:&quot;&quot;,&quot;jet_parallax_layout_bg_x_mobile&quot;:&quot;&quot;,&quot;jet_parallax_layout_bg_y&quot;:50,&quot;jet_parallax_layout_bg_y_laptop&quot;:&quot;&quot;,&quot;jet_parallax_layout_bg_y_tablet_extra&quot;:&quot;&quot;,&quot;jet_parallax_layout_bg_y_tablet&quot;:&quot;&quot;,&quot;jet_parallax_layout_bg_y_mobile_extra&quot;:&quot;&quot;,&quot;jet_parallax_layout_bg_y_mobile&quot;:&quot;&quot;,&quot;jet_parallax_layout_bg_size&quot;:&quot;auto&quot;,&quot;jet_parallax_layout_bg_size_laptop&quot;:&quot;&quot;,&quot;jet_parallax_layout_bg_size_tablet_extra&quot;:&quot;&quot;,&quot;jet_parallax_layout_bg_size_tablet&quot;:&quot;&quot;,&quot;jet_parallax_layout_bg_size_mobile_extra&quot;:&quot;&quot;,&quot;jet_parallax_layout_bg_size_mobile&quot;:&quot;&quot;,&quot;jet_parallax_layout_animation_prop&quot;:&quot;transform&quot;,&quot;jet_parallax_layout_on&quot;:[&quot;desktop&quot;,&quot;tablet&quot;]}]}\">\n\t\t\t\t\t\t<div class=\"elementor-container elementor-column-gap-default\">\n\t\t\t\t\t<div class=\"elementor-column elementor-col-100 elementor-top-column elementor-element elementor-element-2691493\" data-id=\"2691493\" data-element_type=\"column\" data-e-type=\"column\">\n\t\t\t<div class=\"elementor-widget-wrap elementor-element-populated\">\n\t\t\t\t\t\t<div class=\"elementor-element elementor-element-8bac6ee elementor-widget elementor-widget-heading\" data-id=\"8bac6ee\" data-element_type=\"widget\" data-e-type=\"widget\" data-widget_type=\"heading.default\">\n\t\t\t\t<div class=\"elementor-widget-container\">\n\t\t\t\t\t<h4 class=\"elementor-heading-title elementor-size-default\">Related Products<\/h4>\t\t\t\t<\/div>\n\t\t\t\t<\/div>\n\t\t\t\t<div class=\"elementor-element elementor-element-4cad07c elementor-widget elementor-widget-dt-shop-related-products\" data-id=\"4cad07c\" data-element_type=\"widget\" data-e-type=\"widget\" data-widget_type=\"dt-shop-related-products.default\">\n\t\t\t\t<div class=\"elementor-widget-container\">\n\t\t\t\t\tPlease provide product id to display corresponding data!\t\t\t\t<\/div>\n\t\t\t\t<\/div>\n\t\t\t\t\t<\/div>\n\t\t<\/div>\n\t\t\t\t\t<\/div>\n\t\t<\/section>\n\t\t\t\t<\/div>\n\t\t","protected":false},"excerpt":{"rendered":"<p style=\"font-weight: 400;\">Suplemento alimenticio a base de Abedul, Perejil, Ping\u00fcica, Ar\u00e1ndano rojo y Apio.<\/p>\n<p style=\"font-weight: 400;\"><strong>60 C\u00c1PSULAS.<\/strong><\/p>\n","protected":false},"featured_media":21368,"comment_status":"open","ping_status":"closed","template":"","meta":[],"product_brand":[66],"product_cat":[73],"product_tag":[],"class_list":{"0":"post-20502","1":"product","2":"type-product","3":"status-publish","4":"has-post-thumbnail","6":"product_brand-greenelvnutrition","7":"product_cat-suplemento-alimenticio","10":"instock","11":"featured","12":"shipping-taxable","13":"purchasable","14":"product-type-simple","15":"product-grid-view"},"_links":{"self":[{"href":"https:\/\/mx.wgn-inc.com\/wgn2025\/wp-json\/wp\/v2\/product\/20502","targetHints":{"allow":["GET"]}}],"collection":[{"href":"https:\/\/mx.wgn-inc.com\/wgn2025\/wp-json\/wp\/v2\/product"}],"about":[{"href":"https:\/\/mx.wgn-inc.com\/wgn2025\/wp-json\/wp\/v2\/types\/product"}],"replies":[{"embeddable":true,"href":"https:\/\/mx.wgn-inc.com\/wgn2025\/wp-json\/wp\/v2\/comments?post=20502"}],"version-history":[{"count":9,"href":"https:\/\/mx.wgn-inc.com\/wgn2025\/wp-json\/wp\/v2\/product\/20502\/revisions"}],"predecessor-version":[{"id":21793,"href":"https:\/\/mx.wgn-inc.com\/wgn2025\/wp-json\/wp\/v2\/product\/20502\/revisions\/21793"}],"wp:featuredmedia":[{"embeddable":true,"href":"https:\/\/mx.wgn-inc.com\/wgn2025\/wp-json\/wp\/v2\/media\/21368"}],"wp:attachment":[{"href":"https:\/\/mx.wgn-inc.com\/wgn2025\/wp-json\/wp\/v2\/media?parent=20502"}],"wp:term":[{"taxonomy":"product_brand","embeddable":true,"href":"https:\/\/mx.wgn-inc.com\/wgn2025\/wp-json\/wp\/v2\/product_brand?post=20502"},{"taxonomy":"product_cat","embeddable":true,"href":"https:\/\/mx.wgn-inc.com\/wgn2025\/wp-json\/wp\/v2\/product_cat?post=20502"},{"taxonomy":"product_tag","embeddable":true,"href":"https:\/\/mx.wgn-inc.com\/wgn2025\/wp-json\/wp\/v2\/product_tag?post=20502"}],"curies":[{"name":"wp","href":"https:\/\/api.w.org\/{rel}","templated":true}]}}